{"id":35655,"date":"2026-03-18T02:37:45","date_gmt":"2026-03-18T01:37:45","guid":{"rendered":"https:\/\/fabio.mine.nu\/?page_id=35655"},"modified":"2026-03-18T02:37:45","modified_gmt":"2026-03-18T01:37:45","slug":"slot-oyunlari-il%c9%99-h%c9%99y%c9%99can-axtaranlar-ucun-pin-up-platformasinda-muk%c9%99mm%c9%99l-jackpot-sanslarini-qacirmayin-burada-h%c9%99r-dong%c9%99d%c9%99-boyuk-qazanclar-%c9%99ld%c9%99-etm","status":"publish","type":"page","link":"https:\/\/fabio.mine.nu\/?page_id=35655","title":{"rendered":"<div style=\"position: absolute; left: -7566px;\"><p>Slot oyunlar\u0131 il\u0259 h\u0259y\u0259can axtaranlar \u00fc\u00e7\u00fcn <a href=\"https:\/\/softlandingsforseniors.com\/\">pin up<\/a> platformas\u0131nda m\u00fck\u0259mm\u0259l jackpot \u015fanslar\u0131n\u0131 qa\u00e7\u0131rmay\u0131n; burada h\u0259r d\u00f6ng\u0259d\u0259 b\u00f6y\u00fck qazanclar \u0259ld\u0259 etm\u0259k m\u00fcmk\u00fcnd\u00fcr.<\/p><\/div>"},"content":{"rendered":"","protected":false},"excerpt":{"rendered":"","protected":false},"author":1,"featured_media":0,"parent":0,"menu_order":0,"comment_status":"closed","ping_status":"closed","template":"","meta":{"footnotes":""},"class_list":["post-35655","page","type-page","status-publish","hentry"],"_links":{"self":[{"href":"https:\/\/fabio.mine.nu\/index.php?rest_route=\/wp\/v2\/pages\/35655","targetHints":{"allow":["GET"]}}],"collection":[{"href":"https:\/\/fabio.mine.nu\/index.php?rest_route=\/wp\/v2\/pages"}],"about":[{"href":"https:\/\/fabio.mine.nu\/index.php?rest_route=\/wp\/v2\/types\/page"}],"author":[{"embeddable":true,"href":"https:\/\/fabio.mine.nu\/index.php?rest_route=\/wp\/v2\/users\/1"}],"replies":[{"embeddable":true,"href":"https:\/\/fabio.mine.nu\/index.php?rest_route=%2Fwp%2Fv2%2Fcomments&post=35655"}],"version-history":[{"count":1,"href":"https:\/\/fabio.mine.nu\/index.php?rest_route=\/wp\/v2\/pages\/35655\/revisions"}],"predecessor-version":[{"id":35658,"href":"https:\/\/fabio.mine.nu\/index.php?rest_route=\/wp\/v2\/pages\/35655\/revisions\/35658"}],"wp:attachment":[{"href":"https:\/\/fabio.mine.nu\/index.php?rest_route=%2Fwp%2Fv2%2Fmedia&parent=35655"}],"curies":[{"name":"wp","href":"https:\/\/api.w.org\/{rel}","templated":true}]}}