{"id":47770,"date":"2026-04-22T16:38:38","date_gmt":"2026-04-22T14:38:38","guid":{"rendered":"https:\/\/fabio.mine.nu\/?page_id=47770"},"modified":"2026-04-22T16:38:38","modified_gmt":"2026-04-22T14:38:38","slug":"hrajte-kdekolvek-a-kedykolvek-na-svojich-smartfonoch-a-tabletoch-dragonia-casino-vam-prinasa-nekonecnu-zabavu-s-jackpotmi-zivymi-krupiermi-a-inovativnymi-slotmi-priamo-do-vrecka","status":"publish","type":"page","link":"https:\/\/fabio.mine.nu\/?page_id=47770","title":{"rendered":"<div style=\"position: absolute; left: -7566px;\"><p>Hrajte kdeko\u013evek a kedyko\u013evek na svojich smartf\u00f3noch a tabletoch, <a href=\"https:\/\/dragoniakasino.sk\/\">Dragonia casino<\/a> v\u00e1m prin\u00e1\u0161a nekone\u010dn\u00fa z\u00e1bavu s jackpotmi, \u017eiv\u00fdmi krupi\u00e9rmi a inovat\u00edvnymi slotmi priamo do vrecka.<\/p><\/div>"},"content":{"rendered":"","protected":false},"excerpt":{"rendered":"","protected":false},"author":1,"featured_media":0,"parent":0,"menu_order":0,"comment_status":"closed","ping_status":"closed","template":"","meta":{"footnotes":""},"class_list":["post-47770","page","type-page","status-publish","hentry"],"_links":{"self":[{"href":"https:\/\/fabio.mine.nu\/index.php?rest_route=\/wp\/v2\/pages\/47770","targetHints":{"allow":["GET"]}}],"collection":[{"href":"https:\/\/fabio.mine.nu\/index.php?rest_route=\/wp\/v2\/pages"}],"about":[{"href":"https:\/\/fabio.mine.nu\/index.php?rest_route=\/wp\/v2\/types\/page"}],"author":[{"embeddable":true,"href":"https:\/\/fabio.mine.nu\/index.php?rest_route=\/wp\/v2\/users\/1"}],"replies":[{"embeddable":true,"href":"https:\/\/fabio.mine.nu\/index.php?rest_route=%2Fwp%2Fv2%2Fcomments&post=47770"}],"version-history":[{"count":1,"href":"https:\/\/fabio.mine.nu\/index.php?rest_route=\/wp\/v2\/pages\/47770\/revisions"}],"predecessor-version":[{"id":47772,"href":"https:\/\/fabio.mine.nu\/index.php?rest_route=\/wp\/v2\/pages\/47770\/revisions\/47772"}],"wp:attachment":[{"href":"https:\/\/fabio.mine.nu\/index.php?rest_route=%2Fwp%2Fv2%2Fmedia&parent=47770"}],"curies":[{"name":"wp","href":"https:\/\/api.w.org\/{rel}","templated":true}]}}